{"id":839,"date":"2024-07-08T09:32:14","date_gmt":"2024-07-08T07:32:14","guid":{"rendered":"https:\/\/www.andeis.fr\/?page_id=839"},"modified":"2024-07-15T18:00:06","modified_gmt":"2024-07-15T16:00:06","slug":"mentions-legales","status":"publish","type":"page","link":"https:\/\/www.andeis.fr\/index.php\/mentions-legales\/","title":{"rendered":"Mentions l\u00e9gales"},"content":{"rendered":"\t\t<div data-elementor-type=\"wp-page\" data-elementor-id=\"839\" class=\"elementor elementor-839\" data-elementor-post-type=\"page\">\n\t\t\t\t<div class=\"elementor-element elementor-element-e982a20 e-con-full e-flex e-con e-parent\" data-id=\"e982a20\" data-element_type=\"container\" data-settings=\"{&quot;background_background&quot;:&quot;classic&quot;}\">\n\t\t<div class=\"elementor-element elementor-element-6b5e3e7 e-con-full e-flex e-con e-child\" data-id=\"6b5e3e7\" data-element_type=\"container\">\n\t\t\t\t<div class=\"elementor-element elementor-element-73e2548d elementor-invisible elementor-widget elementor-widget-heading\" data-id=\"73e2548d\" data-element_type=\"widget\" data-settings=\"{&quot;_animation&quot;:&quot;fadeIn&quot;}\" data-widget_type=\"heading.default\">\n\t\t\t\t<div class=\"elementor-widget-container\">\n\t\t\t<style>\/*! elementor - v3.22.0 - 26-06-2024 *\/\n.elementor-heading-title{padding:0;margin:0;line-height:1}.elementor-widget-heading .elementor-heading-title[class*=elementor-size-]>a{color:inherit;font-size:inherit;line-height:inherit}.elementor-widget-heading .elementor-heading-title.elementor-size-small{font-size:15px}.elementor-widget-heading .elementor-heading-title.elementor-size-medium{font-size:19px}.elementor-widget-heading .elementor-heading-title.elementor-size-large{font-size:29px}.elementor-widget-heading .elementor-heading-title.elementor-size-xl{font-size:39px}.elementor-widget-heading .elementor-heading-title.elementor-size-xxl{font-size:59px}<\/style><h2 class=\"elementor-heading-title elementor-size-default\">Mentions l\u00e9gales<\/h2>\t\t<\/div>\n\t\t\t\t<\/div>\n\t\t\t\t<\/div>\n\t\t<div class=\"elementor-element elementor-element-c4a03f2 e-flex e-con-boxed e-con e-child\" data-id=\"c4a03f2\" data-element_type=\"container\">\n\t\t\t\t\t<div class=\"e-con-inner\">\n\t\t\t\t<div class=\"elementor-element elementor-element-0480f54 elementor-widget elementor-widget-heading\" data-id=\"0480f54\" data-element_type=\"widget\" data-widget_type=\"heading.default\">\n\t\t\t\t<div class=\"elementor-widget-container\">\n\t\t\t<h2 class=\"elementor-heading-title elementor-size-default\">1 - \u00c9dition du site<\/h2>\t\t<\/div>\n\t\t\t\t<\/div>\n\t\t\t\t<div class=\"elementor-element elementor-element-77e1498 elementor-widget elementor-widget-text-editor\" data-id=\"77e1498\" data-element_type=\"widget\" data-widget_type=\"text-editor.default\">\n\t\t\t\t<div class=\"elementor-widget-container\">\n\t\t\t<style>\/*! elementor - v3.22.0 - 26-06-2024 *\/\n.elementor-widget-text-editor.elementor-drop-cap-view-stacked .elementor-drop-cap{background-color:#69727d;color:#fff}.elementor-widget-text-editor.elementor-drop-cap-view-framed .elementor-drop-cap{color:#69727d;border:3px solid;background-color:transparent}.elementor-widget-text-editor:not(.elementor-drop-cap-view-default) .elementor-drop-cap{margin-top:8px}.elementor-widget-text-editor:not(.elementor-drop-cap-view-default) .elementor-drop-cap-letter{width:1em;height:1em}.elementor-widget-text-editor .elementor-drop-cap{float:left;text-align:center;line-height:1;font-size:50px}.elementor-widget-text-editor .elementor-drop-cap-letter{display:inline-block}<\/style>\t\t\t\t<p class=\"p1\">En vertu de\u00a0<span class=\"s1\">l&#8217;article 6 de la loi n\u00b0 2004-575 du 21 juin 2004<\/span>\u00a0pour la confiance dans l&#8217;\u00e9conomie num\u00e9rique, il est pr\u00e9cis\u00e9 aux utilisateurs du site internet\u00a0<b>https:\/\/www.andeis.fr<\/b>\u00a0l&#8217;identit\u00e9 des diff\u00e9rents intervenants dans le cadre de sa r\u00e9alisation et de son suivi:<\/p><p class=\"p1\"><b>Propri\u00e9taire du site :\u00a0<\/b>And\u00e9is &#8211; Eurl\u00a0&#8211; Contact :\u00a0gaelle.bihannic@andeis.fr &#8211; 06 08 87 97 34\u00a0&#8211; Adresse :\u00a070 rue Ren\u00e9 Boulanger, 75010 Paris.<\/p><p class=\"p1\"><b>Identification de l&#8217;entreprise :<\/b>\u00a0SARL\u00a0And\u00e9is &#8211; Eurl\u00a0au capital social de\u00a010000\u20ac &#8211; SIREN :\u00a0921487716\u00a0&#8211; RCS ou RM :\u00a0RCS Paris\u00a0&#8211; Adresse postale :\u00a070 rue Ren\u00e9 Boulanger, 75010 Paris\u00a0&#8211;\u00a0<\/p><p class=\"p1\"><b>Directeur de la publication :\u00a0<\/b>Ga\u00eblle Bihannic\u00a0&#8211; Contact :\u00a0gaelle.bihannic@andeis.fr.<\/p><p class=\"p1\"><b>H\u00e9bergeur :<\/b>\u00a0OVH SAS &#8211; 2 rue Kellermann &#8211; BP 80157 &#8211; 59053 Roubaix Cedex 1 &#8211; T\u00e9l\u00e9phone : 1007<\/p><p class=\"p1\"><b>D\u00e9l\u00e9gu\u00e9 \u00e0 la protection des donn\u00e9es :\u00a0<\/b>Ga\u00eblle Bihannic\u00a0&#8211;\u00a0gaelle.bihannic@andeis.fr<\/p>\t\t\t\t\t\t<\/div>\n\t\t\t\t<\/div>\n\t\t\t\t\t<\/div>\n\t\t\t\t<\/div>\n\t\t<div class=\"elementor-element elementor-element-eadb835 e-flex e-con-boxed e-con e-child\" data-id=\"eadb835\" data-element_type=\"container\">\n\t\t\t\t\t<div class=\"e-con-inner\">\n\t\t\t\t<div class=\"elementor-element elementor-element-5ef8c79 elementor-widget elementor-widget-heading\" data-id=\"5ef8c79\" data-element_type=\"widget\" data-widget_type=\"heading.default\">\n\t\t\t\t<div class=\"elementor-widget-container\">\n\t\t\t<h2 class=\"elementor-heading-title elementor-size-default\">2 - Propri\u00e9t\u00e9 intellectuelle et contrefa\u00e7ons.<\/h2>\t\t<\/div>\n\t\t\t\t<\/div>\n\t\t\t\t<div class=\"elementor-element elementor-element-c82fdcf elementor-widget elementor-widget-text-editor\" data-id=\"c82fdcf\" data-element_type=\"widget\" data-widget_type=\"text-editor.default\">\n\t\t\t\t<div class=\"elementor-widget-container\">\n\t\t\t\t\t\t\t<p class=\"p1\"><b>And\u00e9is &#8211; Eurl<\/b>\u00a0est propri\u00e9taire des droits de propri\u00e9t\u00e9 intellectuelle et d\u00e9tient les droits d\u2019usage sur tous les \u00e9l\u00e9ments accessibles sur le site internet, notamment les textes, images, graphismes, logos, vid\u00e9os, architecture, ic\u00f4nes et sons.<\/p><p class=\"p1\">Toute reproduction, repr\u00e9sentation, modification, publication, adaptation de tout ou partie des \u00e9l\u00e9ments du site, quel que soit le moyen ou le proc\u00e9d\u00e9 utilis\u00e9, est interdite, sauf autorisation \u00e9crite pr\u00e9alable de\u00a0<b>And\u00e9is &#8211; Eurl<\/b>.<\/p><p class=\"p1\">Toute exploitation non autoris\u00e9e du site ou de l\u2019un quelconque des \u00e9l\u00e9ments qu\u2019il contient sera consid\u00e9r\u00e9e comme constitutive d\u2019une contrefa\u00e7on et poursuivie conform\u00e9ment aux dispositions des articles\u00a0<span class=\"s1\">L.335-2 et suivants du Code de Propri\u00e9t\u00e9 Intellectuelle<\/span>.<\/p>\t\t\t\t\t\t<\/div>\n\t\t\t\t<\/div>\n\t\t\t\t\t<\/div>\n\t\t\t\t<\/div>\n\t\t<div class=\"elementor-element elementor-element-f880480 e-flex e-con-boxed e-con e-child\" data-id=\"f880480\" data-element_type=\"container\">\n\t\t\t\t\t<div class=\"e-con-inner\">\n\t\t\t\t<div class=\"elementor-element elementor-element-d4c9223 elementor-widget elementor-widget-heading\" data-id=\"d4c9223\" data-element_type=\"widget\" data-widget_type=\"heading.default\">\n\t\t\t\t<div class=\"elementor-widget-container\">\n\t\t\t<h2 class=\"elementor-heading-title elementor-size-default\">3 - Limitations de responsabilit\u00e9.\n<\/h2>\t\t<\/div>\n\t\t\t\t<\/div>\n\t\t\t\t<div class=\"elementor-element elementor-element-46a734d elementor-widget elementor-widget-text-editor\" data-id=\"46a734d\" data-element_type=\"widget\" data-widget_type=\"text-editor.default\">\n\t\t\t\t<div class=\"elementor-widget-container\">\n\t\t\t\t\t\t\t<p class=\"p1\"><b>And\u00e9is &#8211; Eurl<\/b>\u00a0ne pourra \u00eatre tenu pour responsable des dommages directs et indirects caus\u00e9s au mat\u00e9riel de l\u2019utilisateur, lors de l\u2019acc\u00e8s au site\u00a0<b>https:\/\/www.andeis.fr<\/b>.<\/p><p class=\"p1\"><b>And\u00e9is &#8211; Eurl<\/b>\u00a0d\u00e9cline toute responsabilit\u00e9 quant \u00e0 l\u2019utilisation qui pourrait \u00eatre faite des informations et contenus pr\u00e9sents sur\u00a0<b>https:\/\/www.andeis.fr<\/b>.<\/p><p class=\"p1\"><b>And\u00e9is &#8211; Eurl<\/b>\u00a0s\u2019engage \u00e0 s\u00e9curiser au mieux le site\u00a0<b>https:\/\/www.andeis.fr<\/b>, cependant sa responsabilit\u00e9 ne pourra \u00eatre mise en cause si des donn\u00e9es ind\u00e9sirables sont import\u00e9es et install\u00e9es sur son site \u00e0 son insu.<\/p><p class=\"p1\">Des espaces interactifs (espace contact ou commentaires) sont \u00e0 la disposition des utilisateurs.\u00a0<b>And\u00e9is &#8211; Eurl<\/b>\u00a0se r\u00e9serve le droit de supprimer, sans mise en demeure pr\u00e9alable, tout contenu d\u00e9pos\u00e9 dans cet espace qui contreviendrait \u00e0 la l\u00e9gislation applicable en France, en particulier aux dispositions relatives \u00e0 la protection des donn\u00e9es.<\/p><p class=\"p1\">Le cas \u00e9ch\u00e9ant,\u00a0<b>And\u00e9is &#8211; Eurl<\/b>\u00a0se r\u00e9serve \u00e9galement la possibilit\u00e9 de mettre en cause la responsabilit\u00e9 civile et\/ou p\u00e9nale de l\u2019utilisateur, notamment en cas de message \u00e0 caract\u00e8re raciste, injurieux, diffamant, ou pornographique, quel que soit le support utilis\u00e9 (texte, photographie \u2026).<\/p>\t\t\t\t\t\t<\/div>\n\t\t\t\t<\/div>\n\t\t\t\t\t<\/div>\n\t\t\t\t<\/div>\n\t\t<div class=\"elementor-element elementor-element-36bb9b7 e-flex e-con-boxed e-con e-child\" data-id=\"36bb9b7\" data-element_type=\"container\">\n\t\t\t\t\t<div class=\"e-con-inner\">\n\t\t\t\t<div class=\"elementor-element elementor-element-ee08d38 elementor-widget elementor-widget-heading\" data-id=\"ee08d38\" data-element_type=\"widget\" data-widget_type=\"heading.default\">\n\t\t\t\t<div class=\"elementor-widget-container\">\n\t\t\t<h2 class=\"elementor-heading-title elementor-size-default\">4 - CNIL Et Gestion Des Donn\u00e9es Personnelles.\n<\/h2>\t\t<\/div>\n\t\t\t\t<\/div>\n\t\t\t\t<div class=\"elementor-element elementor-element-cb06ae2 elementor-widget elementor-widget-text-editor\" data-id=\"cb06ae2\" data-element_type=\"widget\" data-widget_type=\"text-editor.default\">\n\t\t\t\t<div class=\"elementor-widget-container\">\n\t\t\t\t\t\t\t<p class=\"p1\">Conform\u00e9ment aux dispositions de\u00a0<span class=\"s1\">la loi 78-17 du 6 janvier 1978 modifi\u00e9e<\/span>, l\u2019utilisateur du site\u00a0<span style=\"font-weight: bold;\">https:\/\/www.andeis.fr<\/span>\u00a0dispose d\u2019un droit d\u2019acc\u00e8s, de modification et de suppression des informations collect\u00e9es. Pour exercer ce droit, envoyez un message \u00e0 notre D\u00e9l\u00e9gu\u00e9 \u00e0 la Protection des Donn\u00e9es :\u00a0<span style=\"font-weight: bold;\">Ga\u00eblle Bihannic<\/span>\u00a0&#8211;\u00a0<span style=\"font-weight: bold;\">gaelle.bihannic@andeis.fr<\/span>.<\/p><p class=\"p1\">Pour plus d&#8217;informations sur la fa\u00e7on dont nous traitons vos donn\u00e9es (type de donn\u00e9es, finalit\u00e9, destinataire&#8230;), lisez notre\u00a0<span style=\"font-weight: bold;\">https:\/\/www.andeis.fr\/index.php\/vos-enjeux\/<\/span>.\u00a0<\/p>\t\t\t\t\t\t<\/div>\n\t\t\t\t<\/div>\n\t\t\t\t\t<\/div>\n\t\t\t\t<\/div>\n\t\t<div class=\"elementor-element elementor-element-5651f16 e-flex e-con-boxed e-con e-child\" data-id=\"5651f16\" data-element_type=\"container\">\n\t\t\t\t\t<div class=\"e-con-inner\">\n\t\t\t\t<div class=\"elementor-element elementor-element-70b61a1 elementor-widget elementor-widget-heading\" data-id=\"70b61a1\" data-element_type=\"widget\" data-widget_type=\"heading.default\">\n\t\t\t\t<div class=\"elementor-widget-container\">\n\t\t\t<h2 class=\"elementor-heading-title elementor-size-default\">5 - Liens hypertextes et cookies\n<\/h2>\t\t<\/div>\n\t\t\t\t<\/div>\n\t\t\t\t<div class=\"elementor-element elementor-element-ddc607f elementor-widget elementor-widget-text-editor\" data-id=\"ddc607f\" data-element_type=\"widget\" data-widget_type=\"text-editor.default\">\n\t\t\t\t<div class=\"elementor-widget-container\">\n\t\t\t\t\t\t\t<p class=\"p1\">Le site\u00a0<b>https:\/\/www.andeis.fr<\/b>\u00a0contient des liens hypertextes vers d\u2019autres sites et d\u00e9gage toute responsabilit\u00e9 \u00e0 propos de ces liens externes ou des liens cr\u00e9\u00e9s par d\u2019autres sites vers\u00a0<b>https:\/\/www.andeis.fr<\/b>.<\/p><p class=\"p1\">La navigation sur le site\u00a0<b>https:\/\/www.andeis.fr<\/b>\u00a0est susceptible de provoquer l\u2019installation de cookie(s) sur l\u2019ordinateur de l\u2019utilisateur.<\/p><p class=\"p1\">Un &#8220;cookie&#8221; est un fichier de petite taille qui enregistre des informations relatives \u00e0 la navigation d\u2019un utilisateur sur un site. Les donn\u00e9es ainsi obtenues permettent d&#8217;obtenir des mesures de fr\u00e9quentation, par exemple.<\/p><p class=\"p1\">Vous avez la possibilit\u00e9\u00a0<b>d\u2019accepter ou de refuser les cookies<\/b>\u00a0en modifiant les param\u00e8tres de votre navigateur. Aucun cookie ne sera d\u00e9pos\u00e9 sans votre consentement.<\/p><p class=\"p1\">Les cookies sont enregistr\u00e9s pour une dur\u00e9e maximale de\u00a01\u00a0mois.<\/p><p class=\"p2\"><span class=\"s1\">Pour plus d&#8217;informations sur la fa\u00e7on dont nous faisons usage des cookies, lisez notre\u00a0<\/span><a style=\"font-family: var( --e-global-typography-text-font-family ), Sans-serif; font-size: var( --e-global-typography-text-font-size ); font-style: var( --e-global-typography-text-font-style ); font-weight: var( --e-global-typography-text-font-weight ); letter-spacing: var( --e-global-typography-text-letter-spacing ); text-transform: var( --e-global-typography-text-text-transform ); word-spacing: var( --e-global-typography-text-word-spacing ); text-align: var(--text-align); background-color: #fdf1f1;\" href=\"https:\/\/www.andeis.fr\/index.php\/politique-de-confidentialite\/\" target=\"_blank\" rel=\"noopener\">politique de confidentialit\u00e9.<\/a><\/p>\t\t\t\t\t\t<\/div>\n\t\t\t\t<\/div>\n\t\t\t\t\t<\/div>\n\t\t\t\t<\/div>\n\t\t<div class=\"elementor-element elementor-element-3eff178 e-flex e-con-boxed e-con e-child\" data-id=\"3eff178\" data-element_type=\"container\">\n\t\t\t\t\t<div class=\"e-con-inner\">\n\t\t\t\t<div class=\"elementor-element elementor-element-add85e5 elementor-widget elementor-widget-heading\" data-id=\"add85e5\" data-element_type=\"widget\" data-widget_type=\"heading.default\">\n\t\t\t\t<div class=\"elementor-widget-container\">\n\t\t\t<h2 class=\"elementor-heading-title elementor-size-default\">6 - Droit applicable et attribution de juridiction.\n<\/h2>\t\t<\/div>\n\t\t\t\t<\/div>\n\t\t\t\t<div class=\"elementor-element elementor-element-c760c6a elementor-widget elementor-widget-text-editor\" data-id=\"c760c6a\" data-element_type=\"widget\" data-widget_type=\"text-editor.default\">\n\t\t\t\t<div class=\"elementor-widget-container\">\n\t\t\t\t\t\t\t<div class=\"wp-block-group is-layout-flow wp-block-group-is-layout-flow\"><p class=\"p1\">Tout litige en relation avec l\u2019utilisation du site\u00a0<b>https:\/\/www.andeis.fr<\/b>\u00a0est soumis au droit fran\u00e7ais. En dehors des cas o\u00f9 la loi ne le permet pas, il est fait attribution exclusive de juridiction aux tribunaux comp\u00e9tents de\u00a0<b>Paris<\/b>.<\/p><\/div>\t\t\t\t\t\t<\/div>\n\t\t\t\t<\/div>\n\t\t\t\t\t<\/div>\n\t\t\t\t<\/div>\n\t\t\t\t<\/div>\n\t\t\t\t<\/div>\n\t\t","protected":false},"excerpt":{"rendered":"<p>Mentions l\u00e9gales 1 &#8211; \u00c9dition du site En vertu de\u00a0l&#8217;article 6 de la loi n\u00b0 2004-575 du 21 juin 2004\u00a0pour la confiance dans l&#8217;\u00e9conomie num\u00e9rique, il est pr\u00e9cis\u00e9 aux utilisateurs du site internet\u00a0https:\/\/www.andeis.fr\u00a0l&#8217;identit\u00e9 des diff\u00e9rents intervenants dans le cadre de sa r\u00e9alisation et de son suivi: Propri\u00e9taire du site :\u00a0And\u00e9is &#8211; Eurl\u00a0&#8211; Contact :\u00a0gaelle.bihannic@andeis.fr &#8211; [&hellip;]<\/p>\n","protected":false},"author":1,"featured_media":0,"parent":0,"menu_order":0,"comment_status":"closed","ping_status":"closed","template":"elementor_header_footer","meta":{"om_disable_all_campaigns":false,"_monsterinsights_skip_tracking":false,"_monsterinsights_sitenote_active":false,"_monsterinsights_sitenote_note":"","_monsterinsights_sitenote_category":0,"footnotes":""},"class_list":["post-839","page","type-page","status-publish","hentry"],"yoast_head":"<!-- This site is optimized with the Yoast SEO plugin v23.4 - https:\/\/yoast.com\/wordpress\/plugins\/seo\/ -->\n<title>Mentions l\u00e9gales - And\u00e9is<\/title>\n<meta name=\"robots\" content=\"index, follow, max-snippet:-1, max-image-preview:large, max-video-preview:-1\" \/>\n<link rel=\"canonical\" href=\"https:\/\/www.andeis.fr\/index.php\/mentions-legales\/\" \/>\n<meta property=\"og:locale\" content=\"en_US\" \/>\n<meta property=\"og:type\" content=\"article\" \/>\n<meta property=\"og:title\" content=\"Mentions l\u00e9gales - And\u00e9is\" \/>\n<meta property=\"og:description\" content=\"Mentions l\u00e9gales 1 &#8211; \u00c9dition du site En vertu de\u00a0l&#8217;article 6 de la loi n\u00b0 2004-575 du 21 juin 2004\u00a0pour la confiance dans l&#8217;\u00e9conomie num\u00e9rique, il est pr\u00e9cis\u00e9 aux utilisateurs du site internet\u00a0https:\/\/www.andeis.fr\u00a0l&#8217;identit\u00e9 des diff\u00e9rents intervenants dans le cadre de sa r\u00e9alisation et de son suivi: Propri\u00e9taire du site :\u00a0And\u00e9is &#8211; Eurl\u00a0&#8211; Contact :\u00a0gaelle.bihannic@andeis.fr &#8211; [&hellip;]\" \/>\n<meta property=\"og:url\" content=\"https:\/\/www.andeis.fr\/index.php\/mentions-legales\/\" \/>\n<meta property=\"og:site_name\" content=\"And\u00e9is\" \/>\n<meta property=\"article:modified_time\" content=\"2024-07-15T16:00:06+00:00\" \/>\n<meta name=\"twitter:card\" content=\"summary_large_image\" \/>\n<meta name=\"twitter:label1\" content=\"Est. reading time\" \/>\n\t<meta name=\"twitter:data1\" content=\"4 minutes\" \/>\n<script type=\"application\/ld+json\" class=\"yoast-schema-graph\">{\"@context\":\"https:\/\/schema.org\",\"@graph\":[{\"@type\":\"WebPage\",\"@id\":\"https:\/\/www.andeis.fr\/index.php\/mentions-legales\/\",\"url\":\"https:\/\/www.andeis.fr\/index.php\/mentions-legales\/\",\"name\":\"Mentions l\u00e9gales - And\u00e9is\",\"isPartOf\":{\"@id\":\"https:\/\/www.andeis.fr\/#website\"},\"datePublished\":\"2024-07-08T07:32:14+00:00\",\"dateModified\":\"2024-07-15T16:00:06+00:00\",\"breadcrumb\":{\"@id\":\"https:\/\/www.andeis.fr\/index.php\/mentions-legales\/#breadcrumb\"},\"inLanguage\":\"en-US\",\"potentialAction\":[{\"@type\":\"ReadAction\",\"target\":[\"https:\/\/www.andeis.fr\/index.php\/mentions-legales\/\"]}]},{\"@type\":\"BreadcrumbList\",\"@id\":\"https:\/\/www.andeis.fr\/index.php\/mentions-legales\/#breadcrumb\",\"itemListElement\":[{\"@type\":\"ListItem\",\"position\":1,\"name\":\"Accueil\",\"item\":\"https:\/\/www.andeis.fr\/\"},{\"@type\":\"ListItem\",\"position\":2,\"name\":\"Mentions l\u00e9gales\"}]},{\"@type\":\"WebSite\",\"@id\":\"https:\/\/www.andeis.fr\/#website\",\"url\":\"https:\/\/www.andeis.fr\/\",\"name\":\"And\u00e9is\",\"description\":\"Plus haut, plus loin ensemble\",\"publisher\":{\"@id\":\"https:\/\/www.andeis.fr\/#organization\"},\"potentialAction\":[{\"@type\":\"SearchAction\",\"target\":{\"@type\":\"EntryPoint\",\"urlTemplate\":\"https:\/\/www.andeis.fr\/?s={search_term_string}\"},\"query-input\":{\"@type\":\"PropertyValueSpecification\",\"valueRequired\":true,\"valueName\":\"search_term_string\"}}],\"inLanguage\":\"en-US\"},{\"@type\":\"Organization\",\"@id\":\"https:\/\/www.andeis.fr\/#organization\",\"name\":\"And\u00e9is\",\"url\":\"https:\/\/www.andeis.fr\/\",\"logo\":{\"@type\":\"ImageObject\",\"inLanguage\":\"en-US\",\"@id\":\"https:\/\/www.andeis.fr\/#\/schema\/logo\/image\/\",\"url\":\"https:\/\/www.andeis.fr\/wp-content\/uploads\/2024\/06\/Andeis_logo_350x100.png\",\"contentUrl\":\"https:\/\/www.andeis.fr\/wp-content\/uploads\/2024\/06\/Andeis_logo_350x100.png\",\"width\":350,\"height\":100,\"caption\":\"And\u00e9is\"},\"image\":{\"@id\":\"https:\/\/www.andeis.fr\/#\/schema\/logo\/image\/\"},\"sameAs\":[\"https:\/\/www.linkedin.com\/in\/gaellebihannic\/\"]}]}<\/script>\n<!-- \/ Yoast SEO plugin. -->","yoast_head_json":{"title":"Mentions l\u00e9gales - And\u00e9is","robots":{"index":"index","follow":"follow","max-snippet":"max-snippet:-1","max-image-preview":"max-image-preview:large","max-video-preview":"max-video-preview:-1"},"canonical":"https:\/\/www.andeis.fr\/index.php\/mentions-legales\/","og_locale":"en_US","og_type":"article","og_title":"Mentions l\u00e9gales - And\u00e9is","og_description":"Mentions l\u00e9gales 1 &#8211; \u00c9dition du site En vertu de\u00a0l&#8217;article 6 de la loi n\u00b0 2004-575 du 21 juin 2004\u00a0pour la confiance dans l&#8217;\u00e9conomie num\u00e9rique, il est pr\u00e9cis\u00e9 aux utilisateurs du site internet\u00a0https:\/\/www.andeis.fr\u00a0l&#8217;identit\u00e9 des diff\u00e9rents intervenants dans le cadre de sa r\u00e9alisation et de son suivi: Propri\u00e9taire du site :\u00a0And\u00e9is &#8211; Eurl\u00a0&#8211; Contact :\u00a0gaelle.bihannic@andeis.fr &#8211; [&hellip;]","og_url":"https:\/\/www.andeis.fr\/index.php\/mentions-legales\/","og_site_name":"And\u00e9is","article_modified_time":"2024-07-15T16:00:06+00:00","twitter_card":"summary_large_image","twitter_misc":{"Est. reading time":"4 minutes"},"schema":{"@context":"https:\/\/schema.org","@graph":[{"@type":"WebPage","@id":"https:\/\/www.andeis.fr\/index.php\/mentions-legales\/","url":"https:\/\/www.andeis.fr\/index.php\/mentions-legales\/","name":"Mentions l\u00e9gales - And\u00e9is","isPartOf":{"@id":"https:\/\/www.andeis.fr\/#website"},"datePublished":"2024-07-08T07:32:14+00:00","dateModified":"2024-07-15T16:00:06+00:00","breadcrumb":{"@id":"https:\/\/www.andeis.fr\/index.php\/mentions-legales\/#breadcrumb"},"inLanguage":"en-US","potentialAction":[{"@type":"ReadAction","target":["https:\/\/www.andeis.fr\/index.php\/mentions-legales\/"]}]},{"@type":"BreadcrumbList","@id":"https:\/\/www.andeis.fr\/index.php\/mentions-legales\/#breadcrumb","itemListElement":[{"@type":"ListItem","position":1,"name":"Accueil","item":"https:\/\/www.andeis.fr\/"},{"@type":"ListItem","position":2,"name":"Mentions l\u00e9gales"}]},{"@type":"WebSite","@id":"https:\/\/www.andeis.fr\/#website","url":"https:\/\/www.andeis.fr\/","name":"And\u00e9is","description":"Plus haut, plus loin ensemble","publisher":{"@id":"https:\/\/www.andeis.fr\/#organization"},"potentialAction":[{"@type":"SearchAction","target":{"@type":"EntryPoint","urlTemplate":"https:\/\/www.andeis.fr\/?s={search_term_string}"},"query-input":{"@type":"PropertyValueSpecification","valueRequired":true,"valueName":"search_term_string"}}],"inLanguage":"en-US"},{"@type":"Organization","@id":"https:\/\/www.andeis.fr\/#organization","name":"And\u00e9is","url":"https:\/\/www.andeis.fr\/","logo":{"@type":"ImageObject","inLanguage":"en-US","@id":"https:\/\/www.andeis.fr\/#\/schema\/logo\/image\/","url":"https:\/\/www.andeis.fr\/wp-content\/uploads\/2024\/06\/Andeis_logo_350x100.png","contentUrl":"https:\/\/www.andeis.fr\/wp-content\/uploads\/2024\/06\/Andeis_logo_350x100.png","width":350,"height":100,"caption":"And\u00e9is"},"image":{"@id":"https:\/\/www.andeis.fr\/#\/schema\/logo\/image\/"},"sameAs":["https:\/\/www.linkedin.com\/in\/gaellebihannic\/"]}]}},"_links":{"self":[{"href":"https:\/\/www.andeis.fr\/index.php\/wp-json\/wp\/v2\/pages\/839","targetHints":{"allow":["GET"]}}],"collection":[{"href":"https:\/\/www.andeis.fr\/index.php\/wp-json\/wp\/v2\/pages"}],"about":[{"href":"https:\/\/www.andeis.fr\/index.php\/wp-json\/wp\/v2\/types\/page"}],"author":[{"embeddable":true,"href":"https:\/\/www.andeis.fr\/index.php\/wp-json\/wp\/v2\/users\/1"}],"replies":[{"embeddable":true,"href":"https:\/\/www.andeis.fr\/index.php\/wp-json\/wp\/v2\/comments?post=839"}],"version-history":[{"count":10,"href":"https:\/\/www.andeis.fr\/index.php\/wp-json\/wp\/v2\/pages\/839\/revisions"}],"predecessor-version":[{"id":1059,"href":"https:\/\/www.andeis.fr\/index.php\/wp-json\/wp\/v2\/pages\/839\/revisions\/1059"}],"wp:attachment":[{"href":"https:\/\/www.andeis.fr\/index.php\/wp-json\/wp\/v2\/media?parent=839"}],"curies":[{"name":"wp","href":"https:\/\/api.w.org\/{rel}","templated":true}]}}