{"id":1012,"date":"2024-07-14T17:11:01","date_gmt":"2024-07-14T15:11:01","guid":{"rendered":"https:\/\/www.andeis.fr\/?page_id=1012"},"modified":"2024-07-14T17:28:52","modified_gmt":"2024-07-14T15:28:52","slug":"politique-de-confidentialite","status":"publish","type":"page","link":"https:\/\/www.andeis.fr\/index.php\/politique-de-confidentialite\/","title":{"rendered":"Politique de confidentialit\u00e9"},"content":{"rendered":"\t\t<div data-elementor-type=\"wp-page\" data-elementor-id=\"1012\" class=\"elementor elementor-1012\" data-elementor-post-type=\"page\">\n\t\t\t\t<div class=\"elementor-element elementor-element-e982a20 e-con-full e-flex e-con e-parent\" data-id=\"e982a20\" data-element_type=\"container\" data-settings=\"{&quot;background_background&quot;:&quot;classic&quot;}\">\n\t\t<div class=\"elementor-element elementor-element-6b5e3e7 e-con-full e-flex e-con e-child\" data-id=\"6b5e3e7\" data-element_type=\"container\">\n\t\t\t\t<div class=\"elementor-element elementor-element-73e2548d elementor-invisible elementor-widget elementor-widget-heading\" data-id=\"73e2548d\" data-element_type=\"widget\" data-settings=\"{&quot;_animation&quot;:&quot;fadeIn&quot;}\" data-widget_type=\"heading.default\">\n\t\t\t\t<div class=\"elementor-widget-container\">\n\t\t\t<style>\/*! elementor - v3.22.0 - 26-06-2024 *\/\n.elementor-heading-title{padding:0;margin:0;line-height:1}.elementor-widget-heading .elementor-heading-title[class*=elementor-size-]>a{color:inherit;font-size:inherit;line-height:inherit}.elementor-widget-heading .elementor-heading-title.elementor-size-small{font-size:15px}.elementor-widget-heading .elementor-heading-title.elementor-size-medium{font-size:19px}.elementor-widget-heading .elementor-heading-title.elementor-size-large{font-size:29px}.elementor-widget-heading .elementor-heading-title.elementor-size-xl{font-size:39px}.elementor-widget-heading .elementor-heading-title.elementor-size-xxl{font-size:59px}<\/style><h2 class=\"elementor-heading-title elementor-size-default\">Politique de Confidentialite\u0301\n<\/h2>\t\t<\/div>\n\t\t\t\t<\/div>\n\t\t\t\t<\/div>\n\t\t<div class=\"elementor-element elementor-element-c4a03f2 e-flex e-con-boxed e-con e-child\" data-id=\"c4a03f2\" data-element_type=\"container\">\n\t\t\t\t\t<div class=\"e-con-inner\">\n\t\t\t\t<div class=\"elementor-element elementor-element-0480f54 elementor-widget elementor-widget-heading\" data-id=\"0480f54\" data-element_type=\"widget\" data-widget_type=\"heading.default\">\n\t\t\t\t<div class=\"elementor-widget-container\">\n\t\t\t<h2 class=\"elementor-heading-title elementor-size-default\">Qui sommes-nous ? <\/h2>\t\t<\/div>\n\t\t\t\t<\/div>\n\t\t\t\t<div class=\"elementor-element elementor-element-77e1498 elementor-widget elementor-widget-text-editor\" data-id=\"77e1498\" data-element_type=\"widget\" data-widget_type=\"text-editor.default\">\n\t\t\t\t<div class=\"elementor-widget-container\">\n\t\t\t<style>\/*! elementor - v3.22.0 - 26-06-2024 *\/\n.elementor-widget-text-editor.elementor-drop-cap-view-stacked .elementor-drop-cap{background-color:#69727d;color:#fff}.elementor-widget-text-editor.elementor-drop-cap-view-framed .elementor-drop-cap{color:#69727d;border:3px solid;background-color:transparent}.elementor-widget-text-editor:not(.elementor-drop-cap-view-default) .elementor-drop-cap{margin-top:8px}.elementor-widget-text-editor:not(.elementor-drop-cap-view-default) .elementor-drop-cap-letter{width:1em;height:1em}.elementor-widget-text-editor .elementor-drop-cap{float:left;text-align:center;line-height:1;font-size:50px}.elementor-widget-text-editor .elementor-drop-cap-letter{display:inline-block}<\/style>\t\t\t\t<p class=\"p1\">L\u2019adresse de notre site Web est : <span class=\"s1\">https:\/\/www.andeis.fr<\/span><\/p>\t\t\t\t\t\t<\/div>\n\t\t\t\t<\/div>\n\t\t\t\t\t<\/div>\n\t\t\t\t<\/div>\n\t\t<div class=\"elementor-element elementor-element-eadb835 e-flex e-con-boxed e-con e-child\" data-id=\"eadb835\" data-element_type=\"container\">\n\t\t\t\t\t<div class=\"e-con-inner\">\n\t\t\t\t<div class=\"elementor-element elementor-element-5ef8c79 elementor-widget elementor-widget-heading\" data-id=\"5ef8c79\" data-element_type=\"widget\" data-widget_type=\"heading.default\">\n\t\t\t\t<div class=\"elementor-widget-container\">\n\t\t\t<h2 class=\"elementor-heading-title elementor-size-default\">Utilisation des donne\u0301es personnelles \ncollecte\u0301es<\/h2>\t\t<\/div>\n\t\t\t\t<\/div>\n\t\t\t\t<div class=\"elementor-element elementor-element-8b5323e elementor-widget elementor-widget-text-editor\" data-id=\"8b5323e\" data-element_type=\"widget\" data-widget_type=\"text-editor.default\">\n\t\t\t\t<div class=\"elementor-widget-container\">\n\t\t\t\t\t\t\t<p><b>Formulaires de contact <\/b><\/p><p>Notre formulaire de contact se trouve ici : https:\/\/ www.andeis.fr\/contact<\/p><p><b>Cookies<\/b><\/p><p>Si vous vous rendez sur la page de connexion, un cookie temporaire sera cr\u00e9\u00e9 afin de d\u00e9terminer si votre navigateur accepte les cookies. Il ne contient pas de donn\u00e9es personnelles et sera supprim\u00e9 automatiquement \u00e0 la fermeture de votre navigateur.<\/p><p>Lorsque vous vous connecterez, nous mettrons en place un certain nombre de cookies pour enregistrer vos informations de connexion et vos pr\u00e9f\u00e9rences d\u2019\u00e9cran. La dur\u00e9e de vie d\u2019un cookie de connexion est de deux jours, celle d\u2019un cookie d\u2019option d\u2019\u00e9cran est d\u2019un an. Si vous cochez \u00ab Se souvenir de moi \u00bb, votre cookie de connexion sera conserv\u00e9 pendant deux semaines. Si vous vous d\u00e9connectez de votre compte, le cookie de connexion sera effac\u00e9.<\/p><p>En modifiant ou en publiant une publication, un cookie suppl\u00e9mentaire sera enregistr\u00e9 dans votre navigateur. Ce cookie ne comprend aucune donn\u00e9e personnelle. Il indique simplement l\u2019ID de la publication que vous venez de modifier. Il expire au bout d\u2019un jour.<\/p><p><b>Contenu embarqu\u00e9 depuis d\u2019autres sites <\/b><\/p><p>Les articles de ce site peuvent inclure des contenus int\u00e9gr\u00e9s (par exemple des vid\u00e9os, images, articles&#8230;). Le contenu int\u00e9gr\u00e9 depuis d\u2019autres sites se comporte de la m\u00eame mani\u00e8re que si le visiteur se rendait sur cet autre site.<\/p><p>Ces sites web pourraient collecter des donn\u00e9es sur vous, utiliser des cookies, embarquer des outils de suivis tiers, suivre vos interactions avec ces contenus embarqu\u00e9s si vous disposez d\u2019un compte connect\u00e9 sur leur site web.<\/p><p><b>Statistiques et mesures d\u2019audience <\/b><\/p><p>Nous utilisons Google Analytics comme outil de statistiques et mesures d\u2019audience.<\/p><p class=\"p1\"><b>Comment nous prot\u00e9geons vos donn\u00e9es <\/b><\/p><p class=\"p2\">Nous mettons en oeuvre des standards de s\u00e9curit\u00e9 \u00e9lev\u00e9s afin de fournir un haut niveau de s\u00e9curisation \u00e0 nos services. Pour prot\u00e9ger vos donn\u00e9es personnelles, nous prenons des pr\u00e9cautions raisonnables et suivons les meilleures pratiques de l\u2019industrie pour nous assurer qu\u2019elles ne soient pas perdues, d\u00e9tourn\u00e9es, consult\u00e9es, divulgu\u00e9es, modifi\u00e9es ou d\u00e9truites de mani\u00e8re inappropri\u00e9e.<\/p><p class=\"p2\">Nous ne transf\u00e9rons jamais vos donn\u00e9es \u00e0 des services tiers qui ne respectent pas une politique de protection des donn\u00e9es strictes.<\/p><p class=\"p1\"><b>Proc\u00e9dures mises en \u0153uvre en cas de fuite de donn\u00e9es <\/b><\/p><p class=\"p2\">En cas de fuite de donn\u00e9es, nous nous engageons \u00e0 vous informer dans les meilleurs d\u00e9lais et de faire le n\u00e9cessaire pour ne plus que cela se reproduise.<\/p><p class=\"p1\"><b>Les services tiers qui nous transmettent des donn\u00e9es <\/b><\/p><p class=\"p2\">Aucun service tiers nous transmet des donn\u00e9es.<\/p><p class=\"p1\"><b>Op\u00e9rations de marketing automatis\u00e9 et\/ou de profilage r\u00e9alis\u00e9es \u00e0 l\u2019aide des donn\u00e9es personnelles <\/b><\/p><p class=\"p2\">Aucun service tiers ne nous transmet des donn\u00e9es.<\/p><p class=\"p1\"><b>Affichage des informations li\u00e9es aux secteurs soumis \u00e0 des r\u00e9gulations sp\u00e9cifiques <\/b><\/p><p class=\"p2\">Aucunes informations li\u00e9es aux secteurs soumis \u00e0 des r\u00e9gulations sp\u00e9cifiques.<\/p>\t\t\t\t\t\t<\/div>\n\t\t\t\t<\/div>\n\t\t\t\t\t<\/div>\n\t\t\t\t<\/div>\n\t\t\t\t<\/div>\n\t\t\t\t<\/div>\n\t\t","protected":false},"excerpt":{"rendered":"<p>Politique de Confidentialite\u0301 Qui sommes-nous ? L\u2019adresse de notre site Web est : https:\/\/www.andeis.fr Utilisation des donne\u0301es personnelles collecte\u0301es Formulaires de contact Notre formulaire de contact se trouve ici : https:\/\/ www.andeis.fr\/contact Cookies Si vous vous rendez sur la page de connexion, un cookie temporaire sera cr\u00e9\u00e9 afin de d\u00e9terminer si votre navigateur accepte les [&hellip;]<\/p>\n","protected":false},"author":1,"featured_media":0,"parent":0,"menu_order":0,"comment_status":"closed","ping_status":"closed","template":"elementor_header_footer","meta":{"om_disable_all_campaigns":false,"_monsterinsights_skip_tracking":false,"_monsterinsights_sitenote_active":false,"_monsterinsights_sitenote_note":"","_monsterinsights_sitenote_category":0,"footnotes":""},"class_list":["post-1012","page","type-page","status-publish","hentry"],"yoast_head":"<!-- This site is optimized with the Yoast SEO plugin v23.4 - https:\/\/yoast.com\/wordpress\/plugins\/seo\/ -->\n<title>Politique de confidentialit\u00e9 - And\u00e9is<\/title>\n<meta name=\"robots\" content=\"index, follow, max-snippet:-1, max-image-preview:large, max-video-preview:-1\" \/>\n<link rel=\"canonical\" href=\"https:\/\/www.andeis.fr\/index.php\/politique-de-confidentialite\/\" \/>\n<meta property=\"og:locale\" content=\"en_US\" \/>\n<meta property=\"og:type\" content=\"article\" \/>\n<meta property=\"og:title\" content=\"Politique de confidentialit\u00e9 - And\u00e9is\" \/>\n<meta property=\"og:description\" content=\"Politique de Confidentialite\u0301 Qui sommes-nous ? L\u2019adresse de notre site Web est : https:\/\/www.andeis.fr Utilisation des donne\u0301es personnelles collecte\u0301es Formulaires de contact Notre formulaire de contact se trouve ici : https:\/\/ www.andeis.fr\/contact Cookies Si vous vous rendez sur la page de connexion, un cookie temporaire sera cr\u00e9\u00e9 afin de d\u00e9terminer si votre navigateur accepte les [&hellip;]\" \/>\n<meta property=\"og:url\" content=\"https:\/\/www.andeis.fr\/index.php\/politique-de-confidentialite\/\" \/>\n<meta property=\"og:site_name\" content=\"And\u00e9is\" \/>\n<meta property=\"article:modified_time\" content=\"2024-07-14T15:28:52+00:00\" \/>\n<meta name=\"twitter:card\" content=\"summary_large_image\" \/>\n<meta name=\"twitter:label1\" content=\"Est. reading time\" \/>\n\t<meta name=\"twitter:data1\" content=\"3 minutes\" \/>\n<script type=\"application\/ld+json\" class=\"yoast-schema-graph\">{\"@context\":\"https:\/\/schema.org\",\"@graph\":[{\"@type\":\"WebPage\",\"@id\":\"https:\/\/www.andeis.fr\/index.php\/politique-de-confidentialite\/\",\"url\":\"https:\/\/www.andeis.fr\/index.php\/politique-de-confidentialite\/\",\"name\":\"Politique de confidentialit\u00e9 - And\u00e9is\",\"isPartOf\":{\"@id\":\"https:\/\/www.andeis.fr\/#website\"},\"datePublished\":\"2024-07-14T15:11:01+00:00\",\"dateModified\":\"2024-07-14T15:28:52+00:00\",\"breadcrumb\":{\"@id\":\"https:\/\/www.andeis.fr\/index.php\/politique-de-confidentialite\/#breadcrumb\"},\"inLanguage\":\"en-US\",\"potentialAction\":[{\"@type\":\"ReadAction\",\"target\":[\"https:\/\/www.andeis.fr\/index.php\/politique-de-confidentialite\/\"]}]},{\"@type\":\"BreadcrumbList\",\"@id\":\"https:\/\/www.andeis.fr\/index.php\/politique-de-confidentialite\/#breadcrumb\",\"itemListElement\":[{\"@type\":\"ListItem\",\"position\":1,\"name\":\"Accueil\",\"item\":\"https:\/\/www.andeis.fr\/\"},{\"@type\":\"ListItem\",\"position\":2,\"name\":\"Politique de confidentialit\u00e9\"}]},{\"@type\":\"WebSite\",\"@id\":\"https:\/\/www.andeis.fr\/#website\",\"url\":\"https:\/\/www.andeis.fr\/\",\"name\":\"And\u00e9is\",\"description\":\"Plus haut, plus loin ensemble\",\"publisher\":{\"@id\":\"https:\/\/www.andeis.fr\/#organization\"},\"potentialAction\":[{\"@type\":\"SearchAction\",\"target\":{\"@type\":\"EntryPoint\",\"urlTemplate\":\"https:\/\/www.andeis.fr\/?s={search_term_string}\"},\"query-input\":{\"@type\":\"PropertyValueSpecification\",\"valueRequired\":true,\"valueName\":\"search_term_string\"}}],\"inLanguage\":\"en-US\"},{\"@type\":\"Organization\",\"@id\":\"https:\/\/www.andeis.fr\/#organization\",\"name\":\"And\u00e9is\",\"url\":\"https:\/\/www.andeis.fr\/\",\"logo\":{\"@type\":\"ImageObject\",\"inLanguage\":\"en-US\",\"@id\":\"https:\/\/www.andeis.fr\/#\/schema\/logo\/image\/\",\"url\":\"https:\/\/www.andeis.fr\/wp-content\/uploads\/2024\/06\/Andeis_logo_350x100.png\",\"contentUrl\":\"https:\/\/www.andeis.fr\/wp-content\/uploads\/2024\/06\/Andeis_logo_350x100.png\",\"width\":350,\"height\":100,\"caption\":\"And\u00e9is\"},\"image\":{\"@id\":\"https:\/\/www.andeis.fr\/#\/schema\/logo\/image\/\"},\"sameAs\":[\"https:\/\/www.linkedin.com\/in\/gaellebihannic\/\"]}]}<\/script>\n<!-- \/ Yoast SEO plugin. -->","yoast_head_json":{"title":"Politique de confidentialit\u00e9 - And\u00e9is","robots":{"index":"index","follow":"follow","max-snippet":"max-snippet:-1","max-image-preview":"max-image-preview:large","max-video-preview":"max-video-preview:-1"},"canonical":"https:\/\/www.andeis.fr\/index.php\/politique-de-confidentialite\/","og_locale":"en_US","og_type":"article","og_title":"Politique de confidentialit\u00e9 - And\u00e9is","og_description":"Politique de Confidentialite\u0301 Qui sommes-nous ? L\u2019adresse de notre site Web est : https:\/\/www.andeis.fr Utilisation des donne\u0301es personnelles collecte\u0301es Formulaires de contact Notre formulaire de contact se trouve ici : https:\/\/ www.andeis.fr\/contact Cookies Si vous vous rendez sur la page de connexion, un cookie temporaire sera cr\u00e9\u00e9 afin de d\u00e9terminer si votre navigateur accepte les [&hellip;]","og_url":"https:\/\/www.andeis.fr\/index.php\/politique-de-confidentialite\/","og_site_name":"And\u00e9is","article_modified_time":"2024-07-14T15:28:52+00:00","twitter_card":"summary_large_image","twitter_misc":{"Est. reading time":"3 minutes"},"schema":{"@context":"https:\/\/schema.org","@graph":[{"@type":"WebPage","@id":"https:\/\/www.andeis.fr\/index.php\/politique-de-confidentialite\/","url":"https:\/\/www.andeis.fr\/index.php\/politique-de-confidentialite\/","name":"Politique de confidentialit\u00e9 - And\u00e9is","isPartOf":{"@id":"https:\/\/www.andeis.fr\/#website"},"datePublished":"2024-07-14T15:11:01+00:00","dateModified":"2024-07-14T15:28:52+00:00","breadcrumb":{"@id":"https:\/\/www.andeis.fr\/index.php\/politique-de-confidentialite\/#breadcrumb"},"inLanguage":"en-US","potentialAction":[{"@type":"ReadAction","target":["https:\/\/www.andeis.fr\/index.php\/politique-de-confidentialite\/"]}]},{"@type":"BreadcrumbList","@id":"https:\/\/www.andeis.fr\/index.php\/politique-de-confidentialite\/#breadcrumb","itemListElement":[{"@type":"ListItem","position":1,"name":"Accueil","item":"https:\/\/www.andeis.fr\/"},{"@type":"ListItem","position":2,"name":"Politique de confidentialit\u00e9"}]},{"@type":"WebSite","@id":"https:\/\/www.andeis.fr\/#website","url":"https:\/\/www.andeis.fr\/","name":"And\u00e9is","description":"Plus haut, plus loin ensemble","publisher":{"@id":"https:\/\/www.andeis.fr\/#organization"},"potentialAction":[{"@type":"SearchAction","target":{"@type":"EntryPoint","urlTemplate":"https:\/\/www.andeis.fr\/?s={search_term_string}"},"query-input":{"@type":"PropertyValueSpecification","valueRequired":true,"valueName":"search_term_string"}}],"inLanguage":"en-US"},{"@type":"Organization","@id":"https:\/\/www.andeis.fr\/#organization","name":"And\u00e9is","url":"https:\/\/www.andeis.fr\/","logo":{"@type":"ImageObject","inLanguage":"en-US","@id":"https:\/\/www.andeis.fr\/#\/schema\/logo\/image\/","url":"https:\/\/www.andeis.fr\/wp-content\/uploads\/2024\/06\/Andeis_logo_350x100.png","contentUrl":"https:\/\/www.andeis.fr\/wp-content\/uploads\/2024\/06\/Andeis_logo_350x100.png","width":350,"height":100,"caption":"And\u00e9is"},"image":{"@id":"https:\/\/www.andeis.fr\/#\/schema\/logo\/image\/"},"sameAs":["https:\/\/www.linkedin.com\/in\/gaellebihannic\/"]}]}},"_links":{"self":[{"href":"https:\/\/www.andeis.fr\/index.php\/wp-json\/wp\/v2\/pages\/1012","targetHints":{"allow":["GET"]}}],"collection":[{"href":"https:\/\/www.andeis.fr\/index.php\/wp-json\/wp\/v2\/pages"}],"about":[{"href":"https:\/\/www.andeis.fr\/index.php\/wp-json\/wp\/v2\/types\/page"}],"author":[{"embeddable":true,"href":"https:\/\/www.andeis.fr\/index.php\/wp-json\/wp\/v2\/users\/1"}],"replies":[{"embeddable":true,"href":"https:\/\/www.andeis.fr\/index.php\/wp-json\/wp\/v2\/comments?post=1012"}],"version-history":[{"count":7,"href":"https:\/\/www.andeis.fr\/index.php\/wp-json\/wp\/v2\/pages\/1012\/revisions"}],"predecessor-version":[{"id":1026,"href":"https:\/\/www.andeis.fr\/index.php\/wp-json\/wp\/v2\/pages\/1012\/revisions\/1026"}],"wp:attachment":[{"href":"https:\/\/www.andeis.fr\/index.php\/wp-json\/wp\/v2\/media?parent=1012"}],"curies":[{"name":"wp","href":"https:\/\/api.w.org\/{rel}","templated":true}]}}